{"id":71,"date":"2025-02-19T09:11:36","date_gmt":"2025-02-19T09:11:36","guid":{"rendered":"https:\/\/jccostaconsultoria.com.br\/?page_id=71"},"modified":"2025-11-10T14:39:14","modified_gmt":"2025-11-10T14:39:14","slug":"home","status":"publish","type":"page","link":"https:\/\/jccostaconsultoria.com.br\/","title":{"rendered":"Home"},"content":{"rendered":"\n\n\n\n\n<h2 style=\"cursor: text;\">Quem somos<\/h2>\n\n\n\n\n<p class=\"MsoNormal\"><strong><\/strong><\/p><p class=\"MsoNormal\" style=\"font-size: x-small;\"><strong><\/strong><\/p><p class=\"MsoNormal\" style=\"font-size: medium; text-align: justify;\"><br><\/p><p class=\"MsoNormal\" style=\"text-align: justify; cursor: text;\">Somos uma empresa de consultoria especializada na concep\u00e7\u00e3o, estrutura\u00e7\u00e3o e implementa\u00e7\u00e3o de projetos estrat\u00e9gicos para os setores p\u00fablico e privado. Atuamos como parceiros t\u00e9cnicos e institucionais na cria\u00e7\u00e3o de solu\u00e7\u00f5es que combinam intelig\u00eancia anal\u00edtica, inova\u00e7\u00e3o, sustentabilidade e foco em resultados concretos.<\/p><p class=\"MsoNormal\" style=\"text-align: justify; cursor: text;\"><br><\/p><p class=\"MsoNormal\" style=\"text-align: justify; cursor: text;\">Nosso trabalho \u00e9 pautado pela excel\u00eancia t\u00e9cnica, pela vis\u00e3o integrada de mercado e pelo compromisso em entregar valor real aos nossos clientes. Com uma equipe multidisciplinar altamente qualificada e ampla experi\u00eancia em ambientes complexos, oferecemos suporte completo desde as fases iniciais de diagn\u00f3stico e an\u00e1lise at\u00e9 a implementa\u00e7\u00e3o e monitoramento de solu\u00e7\u00f5es estruturadas.<\/p><p class=\"MsoNormal\" style=\"text-align: justify; cursor: text;\"><br><\/p><p class=\"MsoNormal\" style=\"text-align: justify; cursor: text;\">Atuamos de forma destacada na elabora\u00e7\u00e3o de estudos de viabilidade econ\u00f4mica, financeira, jur\u00eddica e operacional; na estrutura\u00e7\u00e3o de parcerias p\u00fablico-privadas (PPP), concess\u00f5es e projetos de desestatiza\u00e7\u00e3o; no planejamento e execu\u00e7\u00e3o de processos de venda ou aquisi\u00e7\u00e3o de ativos estrat\u00e9gicos; e na modelagem de neg\u00f3cios voltados \u00e0 atra\u00e7\u00e3o de investidores institucionais e privados, nacionais e internacionais.<\/p><p class=\"MsoNormal\" style=\"text-align: justify; cursor: text;\"><br><\/p><p class=\"MsoNormal\" style=\"text-align: justify; cursor: text;\">Conectamos setores, regi\u00f5es e interesses com responsabilidade, transpar\u00eancia e vis\u00e3o de longo prazo \u2014 promovendo o crescimento inteligente, o fortalecimento de redes colaborativas e a cria\u00e7\u00e3o de valor compartilhado.<\/p><p class=\"MsoNormal\" style=\"text-align: justify; cursor: text;\"><br><\/p><p class=\"MsoNormal\" style=\"text-align: justify; cursor: text;\">Seja no desenvolvimento de grandes empreendimentos, na moderniza\u00e7\u00e3o da gest\u00e3o p\u00fablica ou na constru\u00e7\u00e3o de alian\u00e7as estrat\u00e9gicas entre empresas e governos, somos movidos pelo prop\u00f3sito de impulsionar projetos que transformam realidades.<\/p><p class=\"MsoNormal\" style=\"font-size: x-small; text-align: justify;\"><span style=\"font-size:large;\"><\/span><\/p><p class=\"MsoNormal\" style=\"text-align: justify;\"><o:p><\/o:p><\/p>\n\n\n<p>Lorem Ipsum has been the industry&#8217;s standard dummy text ever since the 1500s.<\/p>\n\n\n\n\n\n\n\n<h2 [object NamedNodeMap]><br><\/h2>\n\n<h2 style=\"cursor: text;\">&nbsp;Damos todo suporte necess\u00e1rio para elabora\u00e7\u00e3o do seu projeto.<\/h2>\n\n\n\n<h3><br><br><strong style=\"color: rgb(0, 0, 0);\">COMPROMISSO COM RESULTADOS<\/strong><\/h3>\n\n\n<p class=\"MsoNormal\" style=\"text-align: justify;\">Mais do que desenvolver projetos, acreditamos em construir\nrela\u00e7\u00f5es duradouras baseadas na confian\u00e7a, no respeito m\u00fatuo e na\ntranspar\u00eancia. Atuamos com \u00e9tica em cada decis\u00e3o, prezando pela integridade dos\nprocessos e pela responsabilidade com os resultados que entregamos.<o:p><\/o:p><\/p><p class=\"MsoNormal\" style=\"text-align: justify;\">Nossa miss\u00e3o \u00e9 oferecer solu\u00e7\u00f5es estrat\u00e9gicas que gerem\nvalor real para empresas e institui\u00e7\u00f5es, contribuindo para um crescimento\ns\u00f3lido e sustent\u00e1vel. Acreditamos na for\u00e7a do di\u00e1logo, da escuta ativa e da\ncolabora\u00e7\u00e3o como caminhos para alcan\u00e7ar conquistas significativas.<o:p><\/o:p><\/p><p style=\"text-align: justify; font-size: medium;\">\n\n\n\n<\/p><p class=\"MsoNormal\" style=\"text-align: justify;\">Guiados pela excel\u00eancia, fundamentamos nossas a\u00e7\u00f5es em\nprinc\u00edpios claros: comprometimento, inova\u00e7\u00e3o, clareza e respeito. Para n\u00f3s,\ncada projeto \u00e9 mais do que um contrato \u2014 \u00e9 uma parceria. E cada parceria \u00e9 uma\noportunidade de transformar, crescer e evoluir juntos.<o:p><\/o:p><\/p>\n\n\n\n\n<p>Texto teste<\/p>\n\n\n\n\n\n\nTexto em teste\n\n\n\n\n<h3><br><br><strong style=\"color: rgb(0, 0, 0);\">excel\u00eancia<\/strong><\/h3>\n\n\n<p style=\"text-align: justify;\"><span style=\"font-size: medium; line-height: 3.5;\"><\/span><\/p><p class=\"MsoNormal\" style=\"text-align: justify;\">Na nossa empresa, excel\u00eancia n\u00e3o \u00e9 apenas um objetivo \u2014 \u00e9 o\nalicerce de cada projeto que desenvolvemos.<o:p><\/o:p><\/p><p class=\"MsoNormal\" style=\"text-align: justify;\">Nosso trabalho vai muito al\u00e9m de entregar uma estrutura\ninicial. Acompanhamos de perto todas as etapas do processo, desde a concep\u00e7\u00e3o\nat\u00e9 a entrega final, com aten\u00e7\u00e3o minuciosa aos detalhes, compromisso constante\ne um rigoroso padr\u00e3o de qualidade.<o:p><\/o:p><\/p><p class=\"MsoNormal\" style=\"text-align: justify;\">Acima, voc\u00ea confere um exemplo claro do nosso diferencial:\npartimos do esqueleto inicial de um pr\u00e9dio at\u00e9 sua finaliza\u00e7\u00e3o completa,\nconduzindo cada fase com precis\u00e3o t\u00e9cnica e total dedica\u00e7\u00e3o.<o:p><\/o:p><\/p><p data-start=\"144\" data-end=\"517\" class=\"\" style=\"text-align: justify;\">\n\n\n\n\n\n<\/p><p class=\"MsoNormal\" style=\"text-align: justify;\">Estamos com voc\u00ea do in\u00edcio ao fim. Nosso compromisso \u00e9\ntransformar ideias em realiza\u00e7\u00f5es concretas, superando expectativas e\nentregando resultados que fazem a diferen\u00e7a.<o:p><\/o:p><\/p><p><\/p><p data-start=\"519\" data-end=\"752\" class=\"\"><\/p>\n\n\n\n\n\n\n\n\n<h2 [object NamedNodeMap]>Empreendimentos | JC Costa Projetos<\/h2>\n\n\n\n\n\n\n\n\n\n\n<p>Lorem Ipsum has been the industry&#8217;s standard dummy text ever since the 1500s.<\/p>\n<h2 style=\"cursor: text;\"><br><\/h2>\n\n\n<p>Programa de sa\u00fade integrado e gest\u00e3o assistida.<\/p>\n<h5 style=\"cursor: text;\">Programa de sa\u00fade integrado e gest\u00e3o assistida.<\/h5>\n\n\n<p>Lorem Ipsum has been the industry&#8217;s standard dummy text ever since the 1500s.<\/p>\n<h2 style=\"cursor: text;\"><br><\/h2>\n\n\n<p>Lorem Ipsum has been the industry&#8217;s standard dummy text ever since the 1500s.<\/p>\n<h2 style=\"cursor: text;\"><br><\/h2>\n\n\n<p>Lorem Ipsum has been the industry&#8217;s standard dummy text ever since the 1500s.<\/p>\n<h2 style=\"cursor: text;\"><br><\/h2>\n\n\n","protected":false},"excerpt":{"rendered":"","protected":false},"author":1,"featured_media":0,"parent":0,"menu_order":0,"comment_status":"closed","ping_status":"closed","template":"","meta":{"pagelayer_contact_templates":[],"_pagelayer_content":"","footnotes":""},"class_list":["post-71","page","type-page","status-publish","hentry"],"_links":{"self":[{"href":"https:\/\/jccostaconsultoria.com.br\/index.php?rest_route=\/wp\/v2\/pages\/71","targetHints":{"allow":["GET"]}}],"collection":[{"href":"https:\/\/jccostaconsultoria.com.br\/index.php?rest_route=\/wp\/v2\/pages"}],"about":[{"href":"https:\/\/jccostaconsultoria.com.br\/index.php?rest_route=\/wp\/v2\/types\/page"}],"author":[{"embeddable":true,"href":"https:\/\/jccostaconsultoria.com.br\/index.php?rest_route=\/wp\/v2\/users\/1"}],"replies":[{"embeddable":true,"href":"https:\/\/jccostaconsultoria.com.br\/index.php?rest_route=%2Fwp%2Fv2%2Fcomments&post=71"}],"version-history":[{"count":120,"href":"https:\/\/jccostaconsultoria.com.br\/index.php?rest_route=\/wp\/v2\/pages\/71\/revisions"}],"predecessor-version":[{"id":963,"href":"https:\/\/jccostaconsultoria.com.br\/index.php?rest_route=\/wp\/v2\/pages\/71\/revisions\/963"}],"wp:attachment":[{"href":"https:\/\/jccostaconsultoria.com.br\/index.php?rest_route=%2Fwp%2Fv2%2Fmedia&parent=71"}],"curies":[{"name":"wp","href":"https:\/\/api.w.org\/{rel}","templated":true}]}}